{"id":8,"date":"2018-07-24T17:05:58","date_gmt":"2018-07-24T17:05:58","guid":{"rendered":"https:\/\/piensoluegoviajocom.wordpress.com\/?page_id=3"},"modified":"2024-08-06T14:13:16","modified_gmt":"2024-08-06T12:13:16","slug":"contacto","status":"publish","type":"page","link":"https:\/\/piensoluegoviajo.com\/index.php\/contacto\/","title":{"rendered":"Contacto"},"content":{"rendered":"\n<p class=\"has-text-align-left\">Si tienes cualquier inquietud, una pregunta, una sugerencia, una historia emocionante para compartir o simplemente quieres decir \u00ab\u00a1Hola!\u00bb, no dudes en contactarnos. \u00a1Nos encanta recibir mensajes de otros apasionados por los viajes como nosotros!<\/p>\n\n\n\n<p>En Pienso, luego viajo creemos que cada viaje es una historia esperando ser contada, y nos encantar\u00eda escuchar la tuya. Tambi\u00e9n si necesit\u00e1is consejos sobre un pr\u00f3ximo destino, informaci\u00f3n adicional sobre alguna de nuestras publicaciones o simplemente para charlar sobre el mundo y sus maravillas.<\/p>\n\n\n\n<p>Nos puedes enviar un email a <span class=\"qu\" tabindex=\"-1\" role=\"gridcell\"><span class=\"go\"><span style=\"color: #00ccff;\">viajoluegopienso@gmail.com<\/span><\/span><\/span>, o escribirnos a trav\u00e9s de nuestras redes sociales en <a href=\"https:\/\/instagram.com\/piensoluegoviajo\" target=\"_blank\" rel=\"noreferrer noopener\">instagram<\/a>, <a href=\"https:\/\/www.facebook.com\/Pienso-luego-viajo-2054187354896918\/\">facebook<\/a> o rellenar el siguiente formulario. Prometemos responder lo m\u00e1s pronto posible, \u00a1aunque a veces estamos explorando alg\u00fan rinc\u00f3n remoto del planeta y puede que tardemos un poquito m\u00e1s!<\/p>\n\n\n\t<form\n\t\tid=\"nelio-forms-form-3786\"\t\tdata-formid=\"3786\"\t\tdata-submit-processing-label=\"Enviando...\"data-hide-form=\"false\"\t\tclass=\"nelio-forms-form\"\t\tmethod=\"post\"\n\t\tclass=\"nelio-forms-form\"\n\t>\n\t\t<noscript class=\"nelio-forms-error-noscript\">\n\t\t\tPor favor, activa JavaScript en tu navegador para completar este formulario.\t\t<\/noscript>\n\t\t\n<div class=\"wp-block-nelio-forms-text nelio-forms-field nelio-forms-field--text nelio-forms-field--required\"><label class=\"nelio-forms-field__label nelio-forms-field__label--text nelio-forms-field__label--required\">Nombre<\/label><input type=\"text\" class=\"nelio-forms-field__value nelio-forms-field__value--text nelio-forms-field__value--required\" name=\"nelio_forms[fields][text-1]\" required \/><\/div>\n\n\n\n<div class=\"wp-block-nelio-forms-text nelio-forms-field nelio-forms-field--email nelio-forms-field--required\"><label class=\"nelio-forms-field__label nelio-forms-field__label--email nelio-forms-field__label--required\">Correo electr\u00f3nico<\/label><input type=\"email\" class=\"nelio-forms-field__value nelio-forms-field__value--email nelio-forms-field__value--required\" name=\"nelio_forms[fields][email-1]\" required \/><\/div>\n\n\n\n<div class=\"wp-block-nelio-forms-textarea nelio-forms-field nelio-forms-field--textarea nelio-forms-field--required\"><label class=\"nelio-forms-field__label nelio-forms-field__label--textarea nelio-forms-field__label--required\">Mensaje<\/label><textarea type=\"textarea\" class=\"nelio-forms-field__value nelio-forms-field__value--textarea nelio-forms-field__value--required\" name=\"nelio_forms[fields][textarea-1]\" required><\/textarea><\/div>\n\n\n\n<div class=\"wp-block-buttons is-layout-flex wp-block-buttons-is-layout-flex\">\n<div class=\"wp-block-button nelio-forms-submit\"><a class=\"wp-block-button__link wp-element-button\">ENVIAR<\/a><\/div>\n<\/div>\n\t\t<input type=\"hidden\" name=\"nelio_forms[id]\" value=\"3786\">\t\t<div class=\"nelio-forms-field nelio-forms-field--hidden\">\n\t\t\t<label class=\"nelio-forms-field__label nelio-forms-field__label--text\" for=\"nelio-forms-form-3786__hp\">Por favor, deja este campo vac\u00edo.<\/label>\n\t\t\t<input id=\"nelio-forms-form-3786__hp\" type=\"text\" class=\"nelio-forms-field__value nelio-forms-field__value--text\" name=\"nelio_forms[fields][hp]\" size=\"40\" tabindex=\"-1\" autocomplete=\"off\">\n\t\t<\/div>\t<\/form>\n\t\n\n\n<p>Informaci\u00f3n sobre la RGPD:<\/p>\n\n\n\n<ul class=\"wp-block-list\">\n<li>Responsable de los datos: Gabriel Celorrio Castrillo<\/li>\n\n\n\n<li>Finalidad de los datos: Env\u00edo de informaci\u00f3n sobre Pienso, luego viajo y los contenidos que publicamos en esta web, as\u00ed como responder a tu solicitud y dar respuesta a las dudas, quejas, comentarios o inquietudes que puedas tener relativas a la informaci\u00f3n incluida en la web, los servicios que se prestan a trav\u00e9s de la web, el tratamiento de tus datos personales, as\u00ed como cualesquiera otras consultas que puedas tener.<\/li>\n\n\n\n<li>Legitimaci\u00f3n: Tu consentimiento expreso.<\/li>\n\n\n\n<li>Destinatarios: Los datos estar\u00e1n ubicados directamente en nuestra cuenta de correo puesto que no quedan almacenados en ninguna base de datos, mientras no solicites que sea borrada.<\/li>\n\n\n\n<li>Derechos: En cualquier momento puedes limitar, recuperar y borrar tu informaci\u00f3n, as\u00ed como acceder a todos los datos que dispongamos sobre ti.<\/li>\n<\/ul>\n","protected":false},"excerpt":{"rendered":"<p>Si tienes cualquier inquietud, una pregunta, una sugerencia, una historia emocionante para compartir o simplemente quieres decir \u00ab\u00a1Hola!\u00bb, no dudes[&#8230;]<\/p>\n","protected":false},"author":1,"featured_media":0,"parent":0,"menu_order":2,"comment_status":"closed","ping_status":"closed","template":"","meta":{"footnotes":""},"class_list":["post-8","page","type-page","status-publish","hentry"],"yoast_head":"<!-- This site is optimized with the Yoast SEO plugin v27.3 - https:\/\/yoast.com\/product\/yoast-seo-wordpress\/ -->\n<title>Contacto - Pienso, luego viajo<\/title>\n<meta name=\"robots\" content=\"index, follow, max-snippet:-1, max-image-preview:large, max-video-preview:-1\" \/>\n<link rel=\"canonical\" href=\"https:\/\/piensoluegoviajo.com\/index.php\/contacto\/\" \/>\n<meta property=\"og:locale\" content=\"es_ES\" \/>\n<meta property=\"og:type\" content=\"article\" \/>\n<meta property=\"og:title\" content=\"Contacto - Pienso, luego viajo\" \/>\n<meta property=\"og:description\" content=\"Si tienes cualquier inquietud, una pregunta, una sugerencia, una historia emocionante para compartir o simplemente quieres decir \u00ab\u00a1Hola!\u00bb, no dudes[...]\" \/>\n<meta property=\"og:url\" content=\"https:\/\/piensoluegoviajo.com\/index.php\/contacto\/\" \/>\n<meta property=\"og:site_name\" content=\"Pienso, luego viajo\" \/>\n<meta property=\"article:publisher\" content=\"https:\/\/www.facebook.com\/Pienso-luego-viajo-2054187354896918\" \/>\n<meta property=\"article:modified_time\" content=\"2024-08-06T12:13:16+00:00\" \/>\n<meta property=\"og:image\" content=\"https:\/\/piensoluegoviajo.com\/wp-content\/uploads\/2024\/12\/LogoBlog-768.jpg\" \/>\n\t<meta property=\"og:image:width\" content=\"768\" \/>\n\t<meta property=\"og:image:height\" content=\"768\" \/>\n\t<meta property=\"og:image:type\" content=\"image\/jpeg\" \/>\n<meta name=\"twitter:card\" content=\"summary_large_image\" \/>\n<meta name=\"twitter:label1\" content=\"Tiempo de lectura\" \/>\n\t<meta name=\"twitter:data1\" content=\"1 minuto\" \/>\n<script type=\"application\/ld+json\" class=\"yoast-schema-graph\">{\"@context\":\"https:\\\/\\\/schema.org\",\"@graph\":[{\"@type\":\"WebPage\",\"@id\":\"https:\\\/\\\/piensoluegoviajo.com\\\/index.php\\\/contacto\\\/\",\"url\":\"https:\\\/\\\/piensoluegoviajo.com\\\/index.php\\\/contacto\\\/\",\"name\":\"Contacto - Pienso, luego viajo\",\"isPartOf\":{\"@id\":\"https:\\\/\\\/piensoluegoviajo.com\\\/#website\"},\"datePublished\":\"2018-07-24T17:05:58+00:00\",\"dateModified\":\"2024-08-06T12:13:16+00:00\",\"breadcrumb\":{\"@id\":\"https:\\\/\\\/piensoluegoviajo.com\\\/index.php\\\/contacto\\\/#breadcrumb\"},\"inLanguage\":\"es\",\"potentialAction\":[{\"@type\":\"ReadAction\",\"target\":[\"https:\\\/\\\/piensoluegoviajo.com\\\/index.php\\\/contacto\\\/\"]}]},{\"@type\":\"BreadcrumbList\",\"@id\":\"https:\\\/\\\/piensoluegoviajo.com\\\/index.php\\\/contacto\\\/#breadcrumb\",\"itemListElement\":[{\"@type\":\"ListItem\",\"position\":1,\"name\":\"Portada\",\"item\":\"https:\\\/\\\/piensoluegoviajo.com\\\/\"},{\"@type\":\"ListItem\",\"position\":2,\"name\":\"Contacto\"}]},{\"@type\":\"WebSite\",\"@id\":\"https:\\\/\\\/piensoluegoviajo.com\\\/#website\",\"url\":\"https:\\\/\\\/piensoluegoviajo.com\\\/\",\"name\":\"Pienso, luego viajo\",\"description\":\"Si no viajas, est&aacute;s perdido\",\"publisher\":{\"@id\":\"https:\\\/\\\/piensoluegoviajo.com\\\/#organization\"},\"potentialAction\":[{\"@type\":\"SearchAction\",\"target\":{\"@type\":\"EntryPoint\",\"urlTemplate\":\"https:\\\/\\\/piensoluegoviajo.com\\\/?s={search_term_string}\"},\"query-input\":{\"@type\":\"PropertyValueSpecification\",\"valueRequired\":true,\"valueName\":\"search_term_string\"}}],\"inLanguage\":\"es\"},{\"@type\":\"Organization\",\"@id\":\"https:\\\/\\\/piensoluegoviajo.com\\\/#organization\",\"name\":\"Pienso, luego viajo\",\"url\":\"https:\\\/\\\/piensoluegoviajo.com\\\/\",\"logo\":{\"@type\":\"ImageObject\",\"inLanguage\":\"es\",\"@id\":\"https:\\\/\\\/piensoluegoviajo.com\\\/#\\\/schema\\\/logo\\\/image\\\/\",\"url\":\"https:\\\/\\\/piensoluegoviajo.com\\\/wp-content\\\/uploads\\\/2024\\\/02\\\/LogoBlog_WP.jpg\",\"contentUrl\":\"https:\\\/\\\/piensoluegoviajo.com\\\/wp-content\\\/uploads\\\/2024\\\/02\\\/LogoBlog_WP.jpg\",\"width\":512,\"height\":512,\"caption\":\"Pienso, luego viajo\"},\"image\":{\"@id\":\"https:\\\/\\\/piensoluegoviajo.com\\\/#\\\/schema\\\/logo\\\/image\\\/\"},\"sameAs\":[\"https:\\\/\\\/www.facebook.com\\\/Pienso-luego-viajo-2054187354896918\",\"https:\\\/\\\/instagram.com\\\/piensoluegoviajo\",\"https:\\\/\\\/www.youtube.com\\\/@piensoluegoviajo\"]}]}<\/script>\n<!-- \/ Yoast SEO plugin. -->","yoast_head_json":{"title":"Contacto - Pienso, luego viajo","robots":{"index":"index","follow":"follow","max-snippet":"max-snippet:-1","max-image-preview":"max-image-preview:large","max-video-preview":"max-video-preview:-1"},"canonical":"https:\/\/piensoluegoviajo.com\/index.php\/contacto\/","og_locale":"es_ES","og_type":"article","og_title":"Contacto - Pienso, luego viajo","og_description":"Si tienes cualquier inquietud, una pregunta, una sugerencia, una historia emocionante para compartir o simplemente quieres decir \u00ab\u00a1Hola!\u00bb, no dudes[...]","og_url":"https:\/\/piensoluegoviajo.com\/index.php\/contacto\/","og_site_name":"Pienso, luego viajo","article_publisher":"https:\/\/www.facebook.com\/Pienso-luego-viajo-2054187354896918","article_modified_time":"2024-08-06T12:13:16+00:00","og_image":[{"width":768,"height":768,"url":"https:\/\/piensoluegoviajo.com\/wp-content\/uploads\/2024\/12\/LogoBlog-768.jpg","type":"image\/jpeg"}],"twitter_card":"summary_large_image","twitter_misc":{"Tiempo de lectura":"1 minuto"},"schema":{"@context":"https:\/\/schema.org","@graph":[{"@type":"WebPage","@id":"https:\/\/piensoluegoviajo.com\/index.php\/contacto\/","url":"https:\/\/piensoluegoviajo.com\/index.php\/contacto\/","name":"Contacto - Pienso, luego viajo","isPartOf":{"@id":"https:\/\/piensoluegoviajo.com\/#website"},"datePublished":"2018-07-24T17:05:58+00:00","dateModified":"2024-08-06T12:13:16+00:00","breadcrumb":{"@id":"https:\/\/piensoluegoviajo.com\/index.php\/contacto\/#breadcrumb"},"inLanguage":"es","potentialAction":[{"@type":"ReadAction","target":["https:\/\/piensoluegoviajo.com\/index.php\/contacto\/"]}]},{"@type":"BreadcrumbList","@id":"https:\/\/piensoluegoviajo.com\/index.php\/contacto\/#breadcrumb","itemListElement":[{"@type":"ListItem","position":1,"name":"Portada","item":"https:\/\/piensoluegoviajo.com\/"},{"@type":"ListItem","position":2,"name":"Contacto"}]},{"@type":"WebSite","@id":"https:\/\/piensoluegoviajo.com\/#website","url":"https:\/\/piensoluegoviajo.com\/","name":"Pienso, luego viajo","description":"Si no viajas, est&aacute;s perdido","publisher":{"@id":"https:\/\/piensoluegoviajo.com\/#organization"},"potentialAction":[{"@type":"SearchAction","target":{"@type":"EntryPoint","urlTemplate":"https:\/\/piensoluegoviajo.com\/?s={search_term_string}"},"query-input":{"@type":"PropertyValueSpecification","valueRequired":true,"valueName":"search_term_string"}}],"inLanguage":"es"},{"@type":"Organization","@id":"https:\/\/piensoluegoviajo.com\/#organization","name":"Pienso, luego viajo","url":"https:\/\/piensoluegoviajo.com\/","logo":{"@type":"ImageObject","inLanguage":"es","@id":"https:\/\/piensoluegoviajo.com\/#\/schema\/logo\/image\/","url":"https:\/\/piensoluegoviajo.com\/wp-content\/uploads\/2024\/02\/LogoBlog_WP.jpg","contentUrl":"https:\/\/piensoluegoviajo.com\/wp-content\/uploads\/2024\/02\/LogoBlog_WP.jpg","width":512,"height":512,"caption":"Pienso, luego viajo"},"image":{"@id":"https:\/\/piensoluegoviajo.com\/#\/schema\/logo\/image\/"},"sameAs":["https:\/\/www.facebook.com\/Pienso-luego-viajo-2054187354896918","https:\/\/instagram.com\/piensoluegoviajo","https:\/\/www.youtube.com\/@piensoluegoviajo"]}]}},"_links":{"self":[{"href":"https:\/\/piensoluegoviajo.com\/index.php\/wp-json\/wp\/v2\/pages\/8","targetHints":{"allow":["GET"]}}],"collection":[{"href":"https:\/\/piensoluegoviajo.com\/index.php\/wp-json\/wp\/v2\/pages"}],"about":[{"href":"https:\/\/piensoluegoviajo.com\/index.php\/wp-json\/wp\/v2\/types\/page"}],"author":[{"embeddable":true,"href":"https:\/\/piensoluegoviajo.com\/index.php\/wp-json\/wp\/v2\/users\/1"}],"replies":[{"embeddable":true,"href":"https:\/\/piensoluegoviajo.com\/index.php\/wp-json\/wp\/v2\/comments?post=8"}],"version-history":[{"count":2,"href":"https:\/\/piensoluegoviajo.com\/index.php\/wp-json\/wp\/v2\/pages\/8\/revisions"}],"predecessor-version":[{"id":3789,"href":"https:\/\/piensoluegoviajo.com\/index.php\/wp-json\/wp\/v2\/pages\/8\/revisions\/3789"}],"wp:attachment":[{"href":"https:\/\/piensoluegoviajo.com\/index.php\/wp-json\/wp\/v2\/media?parent=8"}],"curies":[{"name":"wp","href":"https:\/\/api.w.org\/{rel}","templated":true}]}}